{"id":53789,"date":"2025-11-10T08:14:10","date_gmt":"2025-11-10T07:14:10","guid":{"rendered":"https:\/\/glip.it\/?post_type=product&#038;p=53789"},"modified":"2026-03-25T08:39:42","modified_gmt":"2026-03-25T07:39:42","slug":"pipe","status":"publish","type":"product","link":"https:\/\/glip.it\/en\/prodotti\/indoor-en\/ceiling-en\/pipe\/","title":{"rendered":"PIPE"},"content":{"rendered":"<p>[vc_row][vc_column][vc_column_text]<\/p>\n<table class=\"tabelle-variazioni\">\n<thead>\n<tr>\n<td>Model<\/td>\n<td>Voltage<\/td>\n<td>P (W)<\/td>\n<td>Real flux (lm)<\/td>\n<td>CCT<\/td>\n<td>Luminous efficiency<\/td>\n<td>Technical sheet<\/td>\n<td>LDT<\/td>\n<td>BIM<\/td>\n<td>Instructions<\/td>\n<\/tr>\n<\/thead>\n<tbody>\n<tr>\n<td><strong>PIPE 40<\/strong><\/td>\n<td>220-240V<\/td>\n<td>6<\/td>\n<td>626<\/td>\n<td>3000<\/td>\n<td>104 lm\/W<\/td>\n<td><a href=\"https:\/\/glip.it\/wp-content\/uploads\/2025\/11\/PIPE-40.pdf\">Download sheet<\/a><\/td>\n<td><a href=\"https:\/\/glip.it\/wp-content\/uploads\/2025\/02\/GLIP_HOLE40.zip\">Download LDT<\/a><\/td>\n<td><\/td>\n<td><a href=\"https:\/\/glip.it\/wp-content\/uploads\/2024\/05\/FOGLIO-ISTRUZIONI-PIPE40-WEB.pdf\">Download Instructions<\/a><\/td>\n<\/tr>\n<tr>\n<td><strong>PIPE 50<\/strong><\/td>\n<td>220-240V<\/td>\n<td>10<\/td>\n<td>872<\/td>\n<td>3000<\/td>\n<td>97 lm\/W<\/td>\n<td><a href=\"https:\/\/glip.it\/wp-content\/uploads\/2025\/11\/PIPE-50.pdf\">Download sheet<\/a><\/td>\n<td><a href=\"https:\/\/glip.it\/wp-content\/uploads\/2025\/02\/GLIP_HOLE50.zip\">Download LDT<\/a><\/td>\n<td><\/td>\n<td><a href=\"https:\/\/glip.it\/wp-content\/uploads\/2024\/05\/FOGLIO-ISTRUZIONI-PIPE50_60_80-WEB.pdf\">Download Instructions<\/a><\/td>\n<\/tr>\n<tr>\n<td><strong>PIPE 60<\/strong><\/td>\n<td>220-240V<\/td>\n<td>12<\/td>\n<td>1316<\/td>\n<td>3000<\/td>\n<td>110 lm\/W<\/td>\n<td><a href=\"https:\/\/glip.it\/wp-content\/uploads\/2025\/11\/PIPE-60.pdf\">Download sheet<\/a><\/td>\n<td><a href=\"https:\/\/glip.it\/wp-content\/uploads\/2025\/02\/GLIP_HOLE60.zip\">Download LDT<\/a><\/td>\n<td><a href=\"https:\/\/glip.it\/wp-content\/uploads\/2025\/02\/GLIP_HOLE-TRIM-60.zip\">Download BIM<\/a><\/td>\n<td><a href=\"https:\/\/glip.it\/wp-content\/uploads\/2024\/05\/FOGLIO-ISTRUZIONI-HOLE-TRIM-WEB.pdf\">Download Instructions<\/a><\/td>\n<\/tr>\n<tr>\n<td><strong>PIPE 80<\/strong><\/td>\n<td>220-240V<\/td>\n<td>26<\/td>\n<td>2634<\/td>\n<td>3000<\/td>\n<td>101 lm\/W<\/td>\n<td><a href=\"https:\/\/glip.it\/wp-content\/uploads\/2025\/11\/PIPE-80.pdf\">Download sheet<\/a><\/td>\n<td><a href=\"https:\/\/glip.it\/wp-content\/uploads\/2025\/02\/GLIP_HOLE80.zip\">Download LDT<\/a><\/td>\n<td><a href=\"https:\/\/glip.it\/wp-content\/uploads\/2025\/02\/GLIP_HOLE-TRIM-80.zip\">Download BIM<\/a><\/td>\n<td><a href=\"https:\/\/glip.it\/wp-content\/uploads\/2024\/05\/FOGLIO-ISTRUZIONI-HOLE-TRIM-WEB.pdf\">Download Instructions<\/a><\/td>\n<\/tr>\n<\/tbody>\n<\/table>\n<p>[\/vc_column_text][\/vc_column][\/vc_row][vc_row css=&#8221;.vc_custom_1759994196888{margin-top: 50px !important;}&#8221;][vc_column][vc_column_text]<\/p>\n<h3><strong>Technical drawings<\/strong><\/h3>\n<p>[\/vc_column_text][vc_separator border_width=&#8221;2&#8243;][\/vc_column][\/vc_row][vc_row css=&#8221;.vc_custom_1762351901948{margin-top: 50px !important;}&#8221;][vc_column width=&#8221;1\/4&#8243;][vc_column_text]<\/p>\n<h6><strong>PIPE 40<\/strong><\/h6>\n<p>[\/vc_column_text][vc_media_grid style=&#8221;pagination&#8221; items_per_page=&#8221;1&#8243; element_width=&#8221;12&#8243; gap=&#8221;20&#8243; arrows_design=&#8221;vc_arrow-icon-arrow_01_left&#8221; arrows_color=&#8221;black&#8221; paging_design=&#8221;none&#8221; loop=&#8221;yes&#8221; grid_id=&#8221;vc_gid:1774423771499-d2192227-c20a-4&#8243; include=&#8221;53792&#8243;][\/vc_column][vc_column width=&#8221;1\/4&#8243;][vc_column_text]<\/p>\n<h6><strong>PIPE 50<\/strong><\/h6>\n<p>[\/vc_column_text][vc_media_grid style=&#8221;pagination&#8221; items_per_page=&#8221;1&#8243; element_width=&#8221;12&#8243; gap=&#8221;20&#8243; arrows_design=&#8221;vc_arrow-icon-arrow_01_left&#8221; arrows_color=&#8221;black&#8221; paging_design=&#8221;none&#8221; loop=&#8221;yes&#8221; grid_id=&#8221;vc_gid:1774423771499-a914381b-783c-3&#8243; include=&#8221;53794&#8243;][\/vc_column][vc_column width=&#8221;1\/4&#8243;][vc_column_text]<\/p>\n<h6><strong>PIPE 60<\/strong><\/h6>\n<p>[\/vc_column_text][vc_media_grid style=&#8221;pagination&#8221; items_per_page=&#8221;1&#8243; element_width=&#8221;12&#8243; gap=&#8221;20&#8243; arrows_design=&#8221;vc_arrow-icon-arrow_01_left&#8221; arrows_color=&#8221;black&#8221; paging_design=&#8221;none&#8221; loop=&#8221;yes&#8221; grid_id=&#8221;vc_gid:1774423771500-a3893aa2-02c6-10&#8243; include=&#8221;53798&#8243;][\/vc_column][vc_column width=&#8221;1\/4&#8243;][vc_column_text]<\/p>\n<h6><strong>PIPE 80<\/strong><\/h6>\n<p>[\/vc_column_text][vc_media_grid style=&#8221;pagination&#8221; items_per_page=&#8221;1&#8243; element_width=&#8221;12&#8243; gap=&#8221;20&#8243; arrows_design=&#8221;vc_arrow-icon-arrow_01_left&#8221; arrows_color=&#8221;black&#8221; paging_design=&#8221;none&#8221; loop=&#8221;yes&#8221; grid_id=&#8221;vc_gid:1774423771500-c70313ca-5ddc-1&#8243; include=&#8221;53800&#8243;][\/vc_column][\/vc_row][vc_row][vc_column][vc_column_text]<\/p>\n<h3>Related projects<\/h3>\n<p>[\/vc_column_text][vc_separator border_width=&#8221;2&#8243;][\/vc_column][\/vc_row][vc_row][vc_column width=&#8221;1\/3&#8243;][vc_single_image image=&#8221;53697&#8243; img_size=&#8221;full&#8221;][vc_column_text]<\/p>\n<h6><strong>VENDRAMINI CLOTHING<\/strong><\/h6>\n<p>[\/vc_column_text][vc_single_image image=&#8221;29143&#8243; img_size=&#8221;81&#215;30&#8243; onclick=&#8221;custom_link&#8221; img_link_target=&#8221;_blank&#8221; link=&#8221;https:\/\/glip.it\/en\/realisations-en\/retail-en\/vendramini-store-2\/&#8221;][\/vc_column][\/vc_row]<\/p>\n","protected":false},"excerpt":{"rendered":"<h3 data-start=\"139\" data-end=\"193\">Tailored lighting for every space.<\/h3>\n<p data-start=\"129\" data-end=\"342\"><strong data-start=\"129\" data-end=\"137\">PIPE<\/strong> is a cylindrical lighting fixture with a clean, essential design, available in four diameters (\u00d840, \u00d850, \u00d860, \u00d880 mm), conceived to deliver precise and comfortable lighting in any architectural setting. Thanks to its advanced technology, PIPE creates focused yet gentle illumination, ideal for enhancing details, materials, and atmospheres. Its versatility allows for both single installations and multiple compositions, adapting harmoniously to any space and style. Designed to ensure reliability and long-lasting performance, PIPE features <strong data-start=\"686\" data-end=\"755\">IP40 protection for the body and IP54 for the optical compartment<\/strong>, guaranteeing safety and consistent performance even in more demanding environments. Available with four optics (15\u00b0, 26\u00b0, 36\u00b0, 60\u00b0), PIPE allows light to be shaped with maximum precision \u2014 from sharp accent lighting to soft, uniform illumination. A range of color temperatures \u2014 <strong data-start=\"1042\" data-end=\"1069\">2700K, 3000K, and 4000K<\/strong> \u2014 completes the offering, providing the perfect lighting solutions for every design requirement.<\/p>\n","protected":false},"featured_media":49325,"template":"","meta":{"inline_featured_image":false},"product_brand":[],"product_cat":[85,72],"product_tag":[],"class_list":{"0":"post-53789","1":"product","2":"type-product","3":"status-publish","4":"has-post-thumbnail","6":"product_cat-ceiling-en","7":"product_cat-indoor-en","9":"first","10":"instock","11":"shipping-taxable","12":"purchasable","13":"product-type-simple"},"_links":{"self":[{"href":"https:\/\/glip.it\/en\/wp-json\/wp\/v2\/product\/53789","targetHints":{"allow":["GET"]}}],"collection":[{"href":"https:\/\/glip.it\/en\/wp-json\/wp\/v2\/product"}],"about":[{"href":"https:\/\/glip.it\/en\/wp-json\/wp\/v2\/types\/product"}],"wp:featuredmedia":[{"embeddable":true,"href":"https:\/\/glip.it\/en\/wp-json\/wp\/v2\/media\/49325"}],"wp:attachment":[{"href":"https:\/\/glip.it\/en\/wp-json\/wp\/v2\/media?parent=53789"}],"wp:term":[{"taxonomy":"product_brand","embeddable":true,"href":"https:\/\/glip.it\/en\/wp-json\/wp\/v2\/product_brand?post=53789"},{"taxonomy":"product_cat","embeddable":true,"href":"https:\/\/glip.it\/en\/wp-json\/wp\/v2\/product_cat?post=53789"},{"taxonomy":"product_tag","embeddable":true,"href":"https:\/\/glip.it\/en\/wp-json\/wp\/v2\/product_tag?post=53789"}],"curies":[{"name":"wp","href":"https:\/\/api.w.org\/{rel}","templated":true}]}}